{"id":811,"date":"2018-02-02T11:54:40","date_gmt":"2018-02-02T10:54:40","guid":{"rendered":"http:\/\/www.cafesdagobert.com\/?page_id=811"},"modified":"2024-04-10T13:29:46","modified_gmt":"2024-04-10T12:29:46","slug":"mentions-legales","status":"publish","type":"page","link":"https:\/\/www.cafesdagobert.com\/es\/mentions-legales\/","title":{"rendered":"Mentions L\u251c\u00aegales"},"content":{"rendered":"<h2>MENTIONS L\u251c\u00ebGALES<\/h2>\t\t\n\t\t<p>Editeur du Site :<\/p>\n<p><!-- \/wp:post-content --><!-- wp:paragraph --><\/p>\n<p>SARL SOCAF<\/p>\n<p><!-- \/wp:paragraph --><!-- wp:paragraph --><\/p>\n<p>Num\u251c\u00aero de SIRET : 832\u252c\u00e1218\u252c\u00e1721 00021<\/p>\n<p><!-- \/wp:paragraph --><!-- wp:paragraph --><\/p>\n<p>Responsable \u251c\u00aeditorial : Gobert David<\/p>\n<p><!-- \/wp:paragraph --><!-- wp:paragraph --><\/p>\n<p>88 impasse Christian Barnard<\/p>\n<p>01400 Ch\u251c\u00f3tillon sur Chalaronne<\/p>\n<p>T\u251c\u00ael\u251c\u00aephone : 0474084124<\/p>\n<p><!-- \/wp:paragraph --><!-- wp:paragraph --><\/p>\n<p>Email : <a href=\"mailto:cafesdagobert@gmail.com\">c<\/a>ontact@cafesdagobert.com<\/p>\n<p><!-- \/wp:paragraph --><!-- wp:paragraph --><\/p>\n<p>Site Web :\u252c\u00e1www.cafesdagobert.com<\/p>\n<p><!-- \/wp:paragraph --><!-- wp:paragraph --><\/p>\n<p><strong>H\u251c\u00aebergement :<\/strong><\/p>\n<p><!-- \/wp:paragraph --><!-- wp:paragraph --><\/p>\n<p>H\u251c\u00aebergeur\u252c\u00e1: <strong>FranceLink<\/strong><br \/>100 rue des foug\u251c\u00bfres<br \/>69009 Lyon<\/p>\n<p><!-- \/wp:paragraph --><!-- wp:paragraph --><\/p>\n<p>E-mail :\u252c\u00e1<a href=\"mailto:contact@francelink.net\">contact@francelink.net<\/a><br \/>T\u251c\u00ael. : 04 37 46 03 13<\/p><p><strong>Conditions d\u00d4\u00c7\u00d6utilisation :<\/strong><\/p>\n<p>Ce site (www.cafesdagobert.com) est propos\u251c\u00ae en diff\u251c\u00aerents langages web (HTML, HTML5, JavaScript, CSS, etc\u00d4\u00c7\u00aa) pour un meilleur confort d\u00d4\u00c7\u00d6utilisation et un graphisme plus agr\u251c\u00aeable, nous vous recommandons de recourir \u251c\u00e1 des navigateurs modernes comme Internet explorer, Safari, Firefox, Google Chrome, etc\u00d4\u00c7\u00aa<\/p>\n<p>Les Caf\u251c\u00aes Dagobert<strong>&nbsp;<\/strong>mettent en \u253c\u00f4uvre tous les moyens dont elle dispose, pour assurer une information fiable et une mise \u251c\u00e1 jour fiable de ses sites internet. Toutefois, des erreurs ou omissions peuvent survenir. L\u00d4\u00c7\u00d6internaute devra donc s\u00d4\u00c7\u00d6assurer de l\u00d4\u00c7\u00d6exactitude des informations aupr\u251c\u00bfs de, et signaler toutes modifications du site qu\u00d4\u00c7\u00d6il jugerait utile n\u00d4\u00c7\u00d6est en aucun cas responsable de l\u00d4\u00c7\u00d6utilisation faite de ces informations, et de tout pr\u251c\u00aejudice direct ou indirect pouvant en d\u251c\u00aecouler.<\/p>\n<p><strong>Cookies<\/strong>&nbsp;: Le site&nbsp;www.cafesdagobert.com&nbsp;peut-\u251c\u00actre amen\u251c\u00ae \u251c\u00e1 vous demander l\u00d4\u00c7\u00d6acceptation des cookies pour des besoins de statistiques et d\u00d4\u00c7\u00d6affichage. Un cookie est une information d\u251c\u00aepos\u251c\u00aee sur votre disque dur par le serveur du site que vous visitez. Il contient plusieurs donn\u251c\u00aees qui sont stock\u251c\u00aees sur votre ordinateur dans un simple fichier texte auquel un serveur acc\u251c\u00bfde pour lire et enregistrer des informations. Certaines parties de ce site ne peuvent \u251c\u00actre fonctionnelles sans l\u00d4\u00c7\u00d6acceptation de cookies.<\/p>\n<p><strong>Liens hypertextes :<\/strong>&nbsp;Les sites internet de peuvent offrir des liens vers d\u00d4\u00c7\u00d6autres sites internet ou d\u00d4\u00c7\u00d6autres ressources disponibles sur Internet. SARL SOCAF Les Caf\u251c\u00aes Dagobert ne dispose d\u00d4\u00c7\u00d6aucun moyen pour contr\u251c\u2524ler les sites en connexion avec ses sites internet, ne r\u251c\u00aepond pas de la disponibilit\u251c\u00ae de tels sites et sources externes, ni ne la garantit. Elle ne peut \u251c\u00actre tenue pour responsable de tout dommage, de quelque nature que ce soit, r\u251c\u00aesultant du contenu de ces sites ou sources externes, et notamment des informations, produits ou services qu\u00d4\u00c7\u00d6ils proposent, ou de tout usage qui peut \u251c\u00actre fait de ces \u251c\u00ael\u251c\u00aements. Les risques li\u251c\u00aes \u251c\u00e1 cette utilisation incombent pleinement \u251c\u00e1 l\u00d4\u00c7\u00d6internaute, qui doit se conformer \u251c\u00e1 leurs conditions d\u00d4\u00c7\u00d6utilisation.<\/p>\n<p>Les utilisateurs, les abonn\u251c\u00aes et les visiteurs des sites internet &nbsp;ne peuvent pas mettre en place un hyperlien en direction de ce site sans l\u00d4\u00c7\u00d6autorisation expresse et pr\u251c\u00aealable de SARL SOCAF Les Caf\u251c\u00aes Dagobert.<\/p>\n<p>Dans l\u00d4\u00c7\u00d6hypoth\u251c\u00bfse o\u251c\u2563 un utilisateur ou visiteur souhaiterait mettre en place un hyperlien en direction d\u00d4\u00c7\u00d6un des sites internet de SARL SOCAF Les Caf\u251c\u00aes Dagobert, il lui appartiendra d\u00d4\u00c7\u00d6adresser un email accessible sur le site afin de formuler sa demande de mise en place d\u00d4\u00c7\u00d6un hyperlien. SARL SOCAF Les Caf\u251c\u00aes Dagobert se r\u251c\u00aeserve le droit d\u00d4\u00c7\u00d6accepter ou de refuser un hyperlien sans avoir \u251c\u00e1 en justifier sa d\u251c\u00aecision.<\/p>\n<p><strong>Services fournis :<\/strong><\/p>\n<p>L\u00d4\u00c7\u00d6ensemble des activit\u251c\u00aes de la soci\u251c\u00aet\u251c\u00ae ainsi que ses informations sont pr\u251c\u00aesent\u251c\u00aes sur notre site&nbsp;www.cafesdagobert.com.<\/p>\n<p>SARL SOCAF Les Caf\u251c\u00aes Dagobert s\u00d4\u00c7\u00d6efforce de fournir sur le site www.cafesdagobert.com des informations aussi pr\u251c\u00aecises que possible les renseignements figurant sur le site&nbsp;www.cafesdagobert.com&nbsp;ne sont pas exhaustifs et les photos non contractuelles. Ils sont donn\u251c\u00aes sous r\u251c\u00aeserve de modifications ayant \u251c\u00aet\u251c\u00ae apport\u251c\u00aees depuis leur mise en ligne. Par ailleurs, tous les informations indiqu\u251c\u00aees sur le site www.cafesdagobert.com&nbsp;sont donn\u251c\u00aees \u251c\u00e1 titre indicatif, et sont susceptibles de changer ou d\u00d4\u00c7\u00d6\u251c\u00aevoluer sans pr\u251c\u00aeavis.<\/p>\n<p><strong>Limitation contractuelles sur les donn\u251c\u00aees :<\/strong><\/p>\n<p>Les informations contenues sur ce site sont aussi pr\u251c\u00aecises que possible et le site remis \u251c\u00e1 jour \u251c\u00e1 diff\u251c\u00aerentes p\u251c\u00aeriodes de l\u00d4\u00c7\u00d6ann\u251c\u00aee, mais peut toutefois contenir des inexactitudes ou des omissions. Si vous constatez une lacune, erreur ou ce qui parait \u251c\u00actre un dysfonctionnement, merci de bien vouloir le signaler par email, \u251c\u00e1 l\u00d4\u00c7\u00d6adresse contact@cafesdagobert.com, en d\u251c\u00aecrivant le probl\u251c\u00bfme de la mani\u251c\u00bfre la plus pr\u251c\u00aecise possible (page posant probl\u251c\u00bfme, type d\u00d4\u00c7\u00d6ordinateur et de navigateur utilis\u251c\u00ae, \u00d4\u00c7\u00aa).<\/p>\n<p>Tout contenu t\u251c\u00ael\u251c\u00aecharg\u251c\u00ae se fait aux risques et p\u251c\u00aerils de l\u00d4\u00c7\u00d6utilisateur et sous sa seule responsabilit\u251c\u00ae. En cons\u251c\u00aequence, ne saurait \u251c\u00actre tenu responsable d\u00d4\u00c7\u00d6un quelconque dommage subi par l\u00d4\u00c7\u00d6ordinateur de l\u00d4\u00c7\u00d6utilisateur ou d\u00d4\u00c7\u00d6une quelconque perte de donn\u251c\u00aees cons\u251c\u00aecutives au t\u251c\u00ael\u251c\u00aechargement.&nbsp;De plus, l\u00d4\u00c7\u00d6utilisateur du site s\u00d4\u00c7\u00d6engage \u251c\u00e1 acc\u251c\u00aeder au site en utilisant un mat\u251c\u00aeriel r\u251c\u00aecent, ne contenant pas de virus et avec un navigateur de derni\u251c\u00bfre g\u251c\u00aen\u251c\u00aeration mis-\u251c\u00e1-jour.<\/p>\n<p>Les liens hypertextes mis en place dans le cadre du pr\u251c\u00aesent site internet en direction d\u00d4\u00c7\u00d6autres ressources pr\u251c\u00aesentes sur le r\u251c\u00aeseau Internet ne sauraient engager la responsabilit\u251c\u00ae de SARL SOCAF Les Caf\u251c\u00aes Dagobert.<\/p>\n<p><strong>Propri\u251c\u00aet\u251c\u00ae intellectuelle :<\/strong><\/p>\n<p>Tout le contenu du pr\u251c\u00aesent site&nbsp;www.cafesdagobert.com, incluant, de fa\u251c\u00baon non limitative, les graphismes, images, textes, vid\u251c\u00aeos, animations, sons, logos, gifs et ic\u251c\u2524nes ainsi que leur mise en forme sont la propri\u251c\u00aet\u251c\u00ae exclusive de la soci\u251c\u00aet\u251c\u00ae \u251c\u00e1 l\u00d4\u00c7\u00d6exception des marques, logos ou contenus appartenant \u251c\u00e1 d\u00d4\u00c7\u00d6autres soci\u251c\u00aet\u251c\u00aes partenaires ou auteurs.<\/p>\n<p>Toute reproduction, distribution, modification, adaptation, retransmission ou publication, m\u251c\u00acme partielle, de ces diff\u251c\u00aerents \u251c\u00ael\u251c\u00aements est strictement interdite sans l\u00d4\u00c7\u00d6accord expr\u251c\u00bfs par \u251c\u00aecrit de SARL SOCAF Les Caf\u251c\u00aes Dagobert. Cette repr\u251c\u00aesentation ou reproduction, par quelque proc\u251c\u00aed\u251c\u00ae que ce soit, constitue une contrefa\u251c\u00baon sanctionn\u251c\u00aee par les articles L.335-2 et suivants du Code de la propri\u251c\u00aet\u251c\u00ae intellectuelle. Le non-respect de cette interdiction constitue une contrefa\u251c\u00baon pouvant engager la responsabilit\u251c\u00ae civile et p\u251c\u00aenale du contrefacteur. En outre, les propri\u251c\u00aetaires des Contenus copi\u251c\u00aes pourraient intenter une action en justice \u251c\u00e1 votre encontre.<\/p>\n<p><strong>Litiges :<\/strong><\/p>\n<p>Les pr\u251c\u00aesentes conditions du site&nbsp;www.cafesdagobert.com&nbsp;sont r\u251c\u00aegies par les lois fran\u251c\u00baaises et toute contestation ou litiges qui pourraient na\u251c\u00abtre de l\u00d4\u00c7\u00d6interpr\u251c\u00aetation ou de l\u00d4\u00c7\u00d6ex\u251c\u00aecution de celles-ci seront de la comp\u251c\u00aetence exclusive des tribunaux dont d\u251c\u00aepend le si\u251c\u00bfge social de la soci\u251c\u00aet\u251c\u00ae. La langue de r\u251c\u00aef\u251c\u00aerence, pour le r\u251c\u00bfglement de contentieux \u251c\u00aeventuels, est le fran\u251c\u00baais.<\/p>\n<p><strong>Donn\u251c\u00aees personnelles :<\/strong><\/p>\n<p>De mani\u251c\u00bfre g\u251c\u00aen\u251c\u00aerale, vous n\u00d4\u00c7\u00d6\u251c\u00actes pas tenu de nous communiquer vos donn\u251c\u00aees personnelles lorsque vous visitez notre site Internet&nbsp;www.cafesdagobert.com.<\/p>\n<p>Cependant, ce principe comporte certaines exceptions. En effet, pour certains services propos\u251c\u00aes par notre site, vous pouvez \u251c\u00actre amen\u251c\u00aes \u251c\u00e1 nous communiquer certaines donn\u251c\u00aees telles que : votre nom, votre fonction, le nom de votre soci\u251c\u00aet\u251c\u00ae, votre adresse \u251c\u00aelectronique, et votre num\u251c\u00aero de t\u251c\u00ael\u251c\u00aephone. Tel est le cas lorsque vous remplissez le formulaire qui vous est propos\u251c\u00ae en ligne, dans la rubrique \u252c\u00bd&nbsp;<a href=\"https:\/\/www.anthedesign.fr\/contact\/\">contact<\/a>&nbsp;\u252c\u2557.<\/p>\n<p>Dans tous les cas, vous pouvez refuser de fournir vos donn\u251c\u00aees personnelles. Dans ce cas, vous ne pourrez pas utiliser les services du site, notamment celui de solliciter des renseignements sur notre soci\u251c\u00aet\u251c\u00ae, ou de recevoir les lettres d\u00d4\u00c7\u00d6information.<\/p>\n<p>Enfin, nous pouvons collecter de mani\u251c\u00bfre automatique certaines informations vous concernant lors d\u00d4\u00c7\u00d6une simple navigation sur notre site Internet, notamment : des informations concernant l\u00d4\u00c7\u00d6utilisation de notre site, comme les zones que vous visitez et les services auxquels vous acc\u251c\u00aedez, votre adresse IP, le type de votre navigateur, vos temps d\u00d4\u00c7\u00d6acc\u251c\u00bfs.<\/p>\n<p>De telles informations sont utilis\u251c\u00aees exclusivement \u251c\u00e1 des fins de statistiques internes, de mani\u251c\u00bfre \u251c\u00e1 am\u251c\u00aeliorer la qualit\u251c\u00ae des services qui vous sont propos\u251c\u00aes. Les bases de donn\u251c\u00aees sont prot\u251c\u00aeg\u251c\u00aees par les dispositions de la loi du 1er juillet 1998 transposant la directive 96\/9 du 11 mars 1996 relative \u251c\u00e1 la protection juridique des bases de donn\u251c\u00aees.<\/p>","protected":false},"excerpt":{"rendered":"<p>MENTIONS L\u251c\u00ebGALES Editeur du Site : SARL SOCAF Num\u251c\u00aero de SIRET : 832\u252c\u00e1218\u252c\u00e1721 00021 Responsable \u251c\u00aeditorial : Gobert David 88 impasse Christian Barnard 01400 Ch\u251c\u00f3tillon sur Chalaronne T\u251c\u00ael\u251c\u00aephone : 0474084124 Email : contact@cafesdagobert.com Site Web :\u252c\u00e1www.cafesdagobert.com H\u251c\u00aebergement : H\u251c\u00aebergeur\u252c\u00e1: FranceLink100 rue des foug\u251c\u00bfres69009 Lyon E-mail :\u252c\u00e1contact@francelink.netT\u251c\u00ael. : 04 37 46 03 13 Conditions d\u00d4\u00c7\u00d6utilisation : [&hellip;]<\/p>\n","protected":false},"author":3,"featured_media":0,"parent":0,"menu_order":0,"comment_status":"closed","ping_status":"closed","template":"elementor_header_footer","meta":{"_monsterinsights_skip_tracking":false,"_monsterinsights_sitenote_active":false,"_monsterinsights_sitenote_note":"","_monsterinsights_sitenote_category":0,"footnotes":""},"class_list":["post-811","page","type-page","status-publish","hentry"],"_links":{"self":[{"href":"https:\/\/www.cafesdagobert.com\/es\/wp-json\/wp\/v2\/pages\/811","targetHints":{"allow":["GET"]}}],"collection":[{"href":"https:\/\/www.cafesdagobert.com\/es\/wp-json\/wp\/v2\/pages"}],"about":[{"href":"https:\/\/www.cafesdagobert.com\/es\/wp-json\/wp\/v2\/types\/page"}],"author":[{"embeddable":true,"href":"https:\/\/www.cafesdagobert.com\/es\/wp-json\/wp\/v2\/users\/3"}],"replies":[{"embeddable":true,"href":"https:\/\/www.cafesdagobert.com\/es\/wp-json\/wp\/v2\/comments?post=811"}],"version-history":[{"count":14,"href":"https:\/\/www.cafesdagobert.com\/es\/wp-json\/wp\/v2\/pages\/811\/revisions"}],"predecessor-version":[{"id":7047,"href":"https:\/\/www.cafesdagobert.com\/es\/wp-json\/wp\/v2\/pages\/811\/revisions\/7047"}],"wp:attachment":[{"href":"https:\/\/www.cafesdagobert.com\/es\/wp-json\/wp\/v2\/media?parent=811"}],"curies":[{"name":"wp","href":"https:\/\/api.w.org\/{rel}","templated":true}]}}